{"id":43,"date":"2026-02-17T11:49:54","date_gmt":"2026-02-17T11:49:54","guid":{"rendered":"http:\/\/jmxgjcf.cluster121.hosting.ovh.net\/?page_id=43"},"modified":"2026-04-07T09:02:13","modified_gmt":"2026-04-07T09:02:13","slug":"accueil","status":"publish","type":"page","link":"https:\/\/guidedupied.fr\/","title":{"rendered":"Accueil"},"content":{"rendered":"\t\t<div data-elementor-type=\"wp-page\" data-elementor-id=\"43\" class=\"elementor elementor-43\">\n\t\t\t\t<div class=\"elementor-element elementor-element-5751379f e-flex e-con-boxed e-con e-parent\" data-id=\"5751379f\" data-element_type=\"container\" data-e-type=\"container\">\n\t\t\t\t\t<div class=\"e-con-inner\">\n\t\t\t\t<div class=\"elementor-element elementor-element-22841d29 elementor-widget__width-initial elementor-widget-mobile__width-initial elementor-widget elementor-widget-text-editor\" data-id=\"22841d29\" data-element_type=\"widget\" data-e-type=\"widget\" data-widget_type=\"text-editor.default\">\n\t\t\t\t\t\t\t\t\t\n<h2><strong>Stabilit\u00e9 du Pied : Comprendre et pr\u00e9venir les douleurs<br \/><\/strong><\/h2>\n<p>\u00a0<\/p>\n\n<p>\u00a0<\/p>\n\t\t\t\t\t\t\t\t<\/div>\n\t\t\t\t<div class=\"elementor-element elementor-element-fc8e13f elementor-widget elementor-widget-heading\" data-id=\"fc8e13f\" data-element_type=\"widget\" data-e-type=\"widget\" data-widget_type=\"heading.default\">\n\t\t\t\t\t<h2 class=\"elementor-heading-title elementor-size-default\">Pourquoi la stabilit\u00e9 du pied est essentielle?<br>Comment am\u00e9liorer la stabilit\u00e9 du pied au quotidien?<\/h2>\t\t\t\t<\/div>\n\t\t\t\t\t<\/div>\n\t\t\t\t<\/div>\n\t\t<div class=\"elementor-element elementor-element-aba3a52 e-flex e-con-boxed e-con e-parent\" data-id=\"aba3a52\" data-element_type=\"container\" data-e-type=\"container\">\n\t\t\t\t\t<div class=\"e-con-inner\">\n\t\t\t\t<div class=\"elementor-element elementor-element-9103675 elementor-widget elementor-widget-image\" data-id=\"9103675\" data-element_type=\"widget\" data-e-type=\"widget\" data-widget_type=\"image.default\">\n\t\t\t\t\t\t\t\t\t\t\t\t<figure class=\"wp-caption\">\n\t\t\t\t\t\t\t\t\t\t<img fetchpriority=\"high\" decoding=\"async\" width=\"1024\" height=\"768\" src=\"https:\/\/guidedupied.fr\/wp-content\/uploads\/2026\/02\/photo-site1-1024x768.jpeg\" class=\"attachment-large size-large wp-image-74\" alt=\"Analyse de la stabilit\u00e9 du pied avec plateforme \u00e0 capteurs de pression\" srcset=\"https:\/\/guidedupied.fr\/wp-content\/uploads\/2026\/02\/photo-site1-1024x768.jpeg 1024w, https:\/\/guidedupied.fr\/wp-content\/uploads\/2026\/02\/photo-site1-300x225.jpeg 300w, https:\/\/guidedupied.fr\/wp-content\/uploads\/2026\/02\/photo-site1-768x576.jpeg 768w, https:\/\/guidedupied.fr\/wp-content\/uploads\/2026\/02\/photo-site1.jpeg 1080w\" sizes=\"(max-width: 1024px) 100vw, 1024px\" \/>\t\t\t\t\t\t\t\t\t\t\t<figcaption class=\"widget-image-caption wp-caption-text\"><\/figcaption>\n\t\t\t\t\t\t\t\t\t\t<\/figure>\n\t\t\t\t\t\t\t\t\t<\/div>\n\t\t\t\t<div class=\"elementor-element elementor-element-b335830 elementor-widget elementor-widget-text-editor\" data-id=\"b335830\" data-element_type=\"widget\" data-e-type=\"widget\" data-widget_type=\"text-editor.default\">\n\t\t\t\t\t\t\t\t\t<p>La stabilit\u00e9 du pied est fondamentale pour \u00e9viter les douleurs et am\u00e9liorer votre confort au quotidien. Comprendre comment la base d&rsquo;appui fonctionne vous aidera \u00e0 pr\u00e9venir les probl\u00e8mes li\u00e9s aux chaussures modernes.<\/p>\t\t\t\t\t\t\t\t<\/div>\n\t\t\t\t<div class=\"elementor-element elementor-element-75591e4 elementor-widget__width-initial elementor-absolute elementor-widget elementor-widget-heading\" data-id=\"75591e4\" data-element_type=\"widget\" data-e-type=\"widget\" data-settings=\"{&quot;_position&quot;:&quot;absolute&quot;}\" data-widget_type=\"heading.default\">\n\t\t\t\t\t<h2 class=\"elementor-heading-title elementor-size-default\">Des conseils\n et des solutions pour\n soulager les douleurs du pied et am\u00e9liorer votre confort au quotidien.<\/h2>\t\t\t\t<\/div>\n\t\t\t\t<div class=\"elementor-element elementor-element-55f5790 elementor-align-center elementor-absolute elementor-widget elementor-widget-button\" data-id=\"55f5790\" data-element_type=\"widget\" data-e-type=\"widget\" data-settings=\"{&quot;_position&quot;:&quot;absolute&quot;}\" data-widget_type=\"button.default\">\n\t\t\t\t\t\t\t\t\t\t<a class=\"elementor-button elementor-button-link elementor-size-sm\" href=\"http:\/\/jmxgjcf.cluster121.hosting.ovh.net\/index.php\/blog\/\" target=\"_blank\" rel=\"noopener\">\n\t\t\t\t\t\t<span class=\"elementor-button-content-wrapper\">\n\t\t\t\t\t\t\t\t\t<span class=\"elementor-button-text\">Voir les Publications<\/span>\n\t\t\t\t\t<\/span>\n\t\t\t\t\t<\/a>\n\t\t\t\t\t\t\t\t<\/div>\n\t\t\t\t\t<\/div>\n\t\t\t\t<\/div>\n\t\t<div class=\"elementor-element elementor-element-76da498 e-flex e-con-boxed e-con e-parent\" data-id=\"76da498\" data-element_type=\"container\" data-e-type=\"container\">\n\t\t\t\t\t<div class=\"e-con-inner\">\n\t\t\t\t<div class=\"elementor-element elementor-element-3593116 elementor-widget elementor-widget-image\" data-id=\"3593116\" data-element_type=\"widget\" data-e-type=\"widget\" data-widget_type=\"image.default\">\n\t\t\t\t\t\t\t\t\t\t\t\t\t\t\t<img decoding=\"async\" width=\"1024\" height=\"554\" src=\"https:\/\/guidedupied.fr\/wp-content\/uploads\/2026\/02\/20260220_182018-1024x554.jpg\" class=\"attachment-large size-large wp-image-108\" alt=\"\" srcset=\"https:\/\/guidedupied.fr\/wp-content\/uploads\/2026\/02\/20260220_182018-1024x554.jpg 1024w, https:\/\/guidedupied.fr\/wp-content\/uploads\/2026\/02\/20260220_182018-300x162.jpg 300w, https:\/\/guidedupied.fr\/wp-content\/uploads\/2026\/02\/20260220_182018-768x415.jpg 768w, https:\/\/guidedupied.fr\/wp-content\/uploads\/2026\/02\/20260220_182018-1536x830.jpg 1536w, https:\/\/guidedupied.fr\/wp-content\/uploads\/2026\/02\/20260220_182018-2048x1107.jpg 2048w\" sizes=\"(max-width: 1024px) 100vw, 1024px\" \/>\t\t\t\t\t\t\t\t\t\t\t\t\t\t\t<\/div>\n\t\t\t\t\t<\/div>\n\t\t\t\t<\/div>\n\t\t<div class=\"elementor-element elementor-element-510a8f4 e-flex e-con-boxed e-con e-parent\" data-id=\"510a8f4\" data-element_type=\"container\" data-e-type=\"container\">\n\t\t\t\t\t<div class=\"e-con-inner\">\n\t\t\t\t<div class=\"elementor-element elementor-element-5b0b820 elementor-widget elementor-widget-image\" data-id=\"5b0b820\" data-element_type=\"widget\" data-e-type=\"widget\" data-widget_type=\"image.default\">\n\t\t\t\t\t\t\t\t\t\t\t\t\t\t\t\t<a href=\"https:\/\/guidedupied.fr\/index.php\/2026\/03\/06\/200\/\">\n\t\t\t\t\t\t\t<img decoding=\"async\" width=\"706\" height=\"858\" src=\"https:\/\/guidedupied.fr\/wp-content\/uploads\/2026\/03\/bien-choisir-ses-chaussures-e1774632664295.png\" class=\"attachment-large size-large wp-image-359\" alt=\"\" srcset=\"https:\/\/guidedupied.fr\/wp-content\/uploads\/2026\/03\/bien-choisir-ses-chaussures-e1774632664295.png 706w, https:\/\/guidedupied.fr\/wp-content\/uploads\/2026\/03\/bien-choisir-ses-chaussures-e1774632664295-247x300.png 247w\" sizes=\"(max-width: 706px) 100vw, 706px\" \/>\t\t\t\t\t\t\t\t<\/a>\n\t\t\t\t\t\t\t\t\t\t\t\t\t\t\t<\/div>\n\t\t\t\t\t<\/div>\n\t\t\t\t<\/div>\n\t\t<div class=\"elementor-element elementor-element-156c830 e-flex e-con-boxed e-con e-parent\" data-id=\"156c830\" data-element_type=\"container\" data-e-type=\"container\">\n\t\t\t\t\t<div class=\"e-con-inner\">\n\t\t<div class=\"elementor-element elementor-element-5c8d433 e-con-full e-flex e-con e-child\" data-id=\"5c8d433\" data-element_type=\"container\" data-e-type=\"container\">\n\t\t\t\t<div class=\"elementor-element elementor-element-ad1d0c3 elementor-widget elementor-widget-heading\" data-id=\"ad1d0c3\" data-element_type=\"widget\" data-e-type=\"widget\" data-widget_type=\"heading.default\">\n\t\t\t\t\t<h2 class=\"elementor-heading-title elementor-size-default\">Mycoses de l'ongle<\/h2>\t\t\t\t<\/div>\n\t\t\t\t<\/div>\n\t\t<div class=\"elementor-element elementor-element-c644531 e-con-full e-flex e-con e-child\" data-id=\"c644531\" data-element_type=\"container\" data-e-type=\"container\">\n\t\t\t\t<div class=\"elementor-element elementor-element-7946dd9 elementor-widget elementor-widget-heading\" data-id=\"7946dd9\" data-element_type=\"widget\" data-e-type=\"widget\" data-widget_type=\"heading.default\">\n\t\t\t\t\t<h2 class=\"elementor-heading-title elementor-size-default\">Mycose partielle de l'ongle<\/h2>\t\t\t\t<\/div>\n\t\t\t\t<\/div>\n\t\t\t\t\t<\/div>\n\t\t\t\t<\/div>\n\t\t<div class=\"elementor-element elementor-element-f05caed e-flex e-con-boxed e-con e-parent\" data-id=\"f05caed\" data-element_type=\"container\" data-e-type=\"container\">\n\t\t\t\t\t<div class=\"e-con-inner\">\n\t\t\t\t<div class=\"elementor-element elementor-element-048d268 elementor-widget elementor-widget-image\" data-id=\"048d268\" data-element_type=\"widget\" data-e-type=\"widget\" data-widget_type=\"image.default\">\n\t\t\t\t\t\t\t\t\t\t\t\t\t\t\t<img loading=\"lazy\" decoding=\"async\" width=\"850\" height=\"850\" src=\"https:\/\/guidedupied.fr\/wp-content\/uploads\/2026\/03\/chaussure-vue-arriere.svg\" class=\"attachment-large size-large wp-image-180\" alt=\"\" \/>\t\t\t\t\t\t\t\t\t\t\t\t\t\t\t<\/div>\n\t\t\t\t\t<\/div>\n\t\t\t\t<\/div>\n\t\t\t\t<\/div>\n\t\t","protected":false},"excerpt":{"rendered":"<p>Stabilit\u00e9 du Pied : Comprendre et pr\u00e9venir les douleurs \u00a0 \u00a0 Pourquoi la stabilit\u00e9 du pied est essentielle?Comment am\u00e9liorer la [&hellip;]<\/p>\n","protected":false},"author":1,"featured_media":0,"parent":0,"menu_order":0,"comment_status":"closed","ping_status":"closed","template":"","meta":{"site-sidebar-layout":"default","site-content-layout":"","ast-site-content-layout":"default","site-content-style":"default","site-sidebar-style":"default","ast-global-header-display":"","ast-banner-title-visibility":"","ast-main-header-display":"","ast-hfb-above-header-display":"","ast-hfb-below-header-display":"","ast-hfb-mobile-header-display":"","site-post-title":"","ast-breadcrumbs-content":"","ast-featured-img":"","footer-sml-layout":"","ast-disable-related-posts":"","theme-transparent-header-meta":"","adv-header-id-meta":"","stick-header-meta":"","header-above-stick-meta":"","header-main-stick-meta":"","header-below-stick-meta":"","astra-migrate-meta-layouts":"default","ast-page-background-enabled":"default","ast-page-background-meta":{"desktop":{"background-color":"var(--ast-global-color-5)","background-image":"","background-repeat":"repeat","background-position":"center center","background-size":"auto","background-attachment":"scroll","background-type":"","background-media":"","overlay-type":"","overlay-color":"","overlay-opacity":"","overlay-gradient":""},"tablet":{"background-color":"","background-image":"","background-repeat":"repeat","background-position":"center center","background-size":"auto","background-attachment":"scroll","background-type":"","background-media":"","overlay-type":"","overlay-color":"","overlay-opacity":"","overlay-gradient":""},"mobile":{"background-color":"","background-image":"","background-repeat":"repeat","background-position":"center center","background-size":"auto","background-attachment":"scroll","background-type":"","background-media":"","overlay-type":"","overlay-color":"","overlay-opacity":"","overlay-gradient":""}},"ast-content-background-meta":{"desktop":{"background-color":"var(--ast-global-color-4)","background-image":"","background-repeat":"repeat","background-position":"center center","background-size":"auto","background-attachment":"scroll","background-type":"","background-media":"","overlay-type":"","overlay-color":"","overlay-opacity":"","overlay-gradient":""},"tablet":{"background-color":"var(--ast-global-color-4)","background-image":"","background-repeat":"repeat","background-position":"center center","background-size":"auto","background-attachment":"scroll","background-type":"","background-media":"","overlay-type":"","overlay-color":"","overlay-opacity":"","overlay-gradient":""},"mobile":{"background-color":"var(--ast-global-color-4)","background-image":"","background-repeat":"repeat","background-position":"center center","background-size":"auto","background-attachment":"scroll","background-type":"","background-media":"","overlay-type":"","overlay-color":"","overlay-opacity":"","overlay-gradient":""}},"footnotes":""},"class_list":["post-43","page","type-page","status-publish","hentry"],"_links":{"self":[{"href":"https:\/\/guidedupied.fr\/index.php\/wp-json\/wp\/v2\/pages\/43","targetHints":{"allow":["GET"]}}],"collection":[{"href":"https:\/\/guidedupied.fr\/index.php\/wp-json\/wp\/v2\/pages"}],"about":[{"href":"https:\/\/guidedupied.fr\/index.php\/wp-json\/wp\/v2\/types\/page"}],"author":[{"embeddable":true,"href":"https:\/\/guidedupied.fr\/index.php\/wp-json\/wp\/v2\/users\/1"}],"replies":[{"embeddable":true,"href":"https:\/\/guidedupied.fr\/index.php\/wp-json\/wp\/v2\/comments?post=43"}],"version-history":[{"count":115,"href":"https:\/\/guidedupied.fr\/index.php\/wp-json\/wp\/v2\/pages\/43\/revisions"}],"predecessor-version":[{"id":389,"href":"https:\/\/guidedupied.fr\/index.php\/wp-json\/wp\/v2\/pages\/43\/revisions\/389"}],"wp:attachment":[{"href":"https:\/\/guidedupied.fr\/index.php\/wp-json\/wp\/v2\/media?parent=43"}],"curies":[{"name":"wp","href":"https:\/\/api.w.org\/{rel}","templated":true}]}}