{"id":47,"date":"2026-02-17T12:05:33","date_gmt":"2026-02-17T12:05:33","guid":{"rendered":"http:\/\/jmxgjcf.cluster121.hosting.ovh.net\/?page_id=47"},"modified":"2026-03-01T14:26:55","modified_gmt":"2026-03-01T14:26:55","slug":"a-propos","status":"publish","type":"page","link":"https:\/\/guidedupied.fr\/index.php\/a-propos\/","title":{"rendered":"A propos"},"content":{"rendered":"\n<p>Bienvenue sur Guide du Pied.<\/p>\n\n\n\n<p><\/p>\n\n\n\n<p>GuideDuPied  c&rsquo;est Comprendre la stabilit\u00e9 avant de corriger la douleur.<\/p>\n\n\n\n<p>Je suis podologue.<\/p>\n\n\n\n<p>Et pendant des ann\u00e9es, j\u2019ai observ\u00e9 la m\u00eame chose : on traite les douleurs du pied, mais on parle tr\u00e8s peu de la stabilit\u00e9 r\u00e9elle de la base d\u2019appui.<\/p>\n\n\n\n<p>Or, un pied instable finit toujours par compenser.<\/p>\n\n\n\n<p>Et la compensation finit souvent par faire mal.<\/p>\n\n\n\n<p>Nos chaussures modernes, souvent esth\u00e9tiques et l\u00e9g\u00e8res, r\u00e9duisent parfois la surface d\u2019appui r\u00e9elle. Semelles biseaut\u00e9es, bases \u00e9troites, instabilit\u00e9 lat\u00e9rale\u2026 Ces d\u00e9tails modifient progressivement la m\u00e9canique du pied.<\/p>\n\n\n\n<p>GuideDuPied est n\u00e9 de ce constat.<\/p>\n\n\n\n<p>Ce m\u00e9dia n\u2019est pas un site de conseils rapides.<\/p>\n\n\n\n<p>C\u2019est un espace d\u2019analyse et de compr\u00e9hension.<\/p>\n\n\n\n<p>Ici, chaque douleur est relue \u00e0 travers un filtre clair :<\/p>\n\n\n\n<p>la stabilit\u00e9 et la base d\u2019appui.<\/p>\n\n\n\n<p>L\u2019objectif est simple :<\/p>\n\n\n\n<p>Vous aider \u00e0 comprendre votre pied pour \u00e9viter les erreurs invisibles qui entretiennent les douleurs.<\/p>\n\n\n\n<p>Parce qu\u2019avant de corriger, il faut comprendre.<\/p>\n\n\n\n<p><\/p>\n\n\n\n<p>Vous y trouverez aussi des informations claires, des solutions concr\u00e8tes et des recommandations de produits utiles pour soulager les douleurs du pied et pr\u00e9venir les probl\u00e8mes les plus fr\u00e9quents.<\/p>\n\n\n\n<p>L\u2019objectif de ce site est de vous aider \u00e0 marcher plus confortablement, jour apr\u00e8s jour.<\/p>\n\n\n\n<p><\/p>\n","protected":false},"excerpt":{"rendered":"<p>Bienvenue sur Guide du Pied. GuideDuPied c&rsquo;est Comprendre la stabilit\u00e9 avant de corriger la douleur. Je suis podologue. Et pendant [&hellip;]<\/p>\n","protected":false},"author":1,"featured_media":0,"parent":0,"menu_order":0,"comment_status":"closed","ping_status":"closed","template":"","meta":{"site-sidebar-layout":"default","site-content-layout":"","ast-site-content-layout":"default","site-content-style":"default","site-sidebar-style":"default","ast-global-header-display":"","ast-banner-title-visibility":"","ast-main-header-display":"","ast-hfb-above-header-display":"","ast-hfb-below-header-display":"","ast-hfb-mobile-header-display":"","site-post-title":"disabled","ast-breadcrumbs-content":"","ast-featured-img":"","footer-sml-layout":"","ast-disable-related-posts":"","theme-transparent-header-meta":"","adv-header-id-meta":"","stick-header-meta":"","header-above-stick-meta":"","header-main-stick-meta":"","header-below-stick-meta":"","astra-migrate-meta-layouts":"default","ast-page-background-enabled":"default","ast-page-background-meta":{"desktop":{"background-color":"var(--ast-global-color-5)","background-image":"","background-repeat":"repeat","background-position":"center center","background-size":"auto","background-attachment":"scroll","background-type":"","background-media":"","overlay-type":"","overlay-color":"","overlay-opacity":"","overlay-gradient":""},"tablet":{"background-color":"","background-image":"","background-repeat":"repeat","background-position":"center center","background-size":"auto","background-attachment":"scroll","background-type":"","background-media":"","overlay-type":"","overlay-color":"","overlay-opacity":"","overlay-gradient":""},"mobile":{"background-color":"","background-image":"","background-repeat":"repeat","background-position":"center center","background-size":"auto","background-attachment":"scroll","background-type":"","background-media":"","overlay-type":"","overlay-color":"","overlay-opacity":"","overlay-gradient":""}},"ast-content-background-meta":{"desktop":{"background-color":"var(--ast-global-color-4)","background-image":"","background-repeat":"repeat","background-position":"center center","background-size":"auto","background-attachment":"scroll","background-type":"","background-media":"","overlay-type":"","overlay-color":"","overlay-opacity":"","overlay-gradient":""},"tablet":{"background-color":"var(--ast-global-color-4)","background-image":"","background-repeat":"repeat","background-position":"center center","background-size":"auto","background-attachment":"scroll","background-type":"","background-media":"","overlay-type":"","overlay-color":"","overlay-opacity":"","overlay-gradient":""},"mobile":{"background-color":"var(--ast-global-color-4)","background-image":"","background-repeat":"repeat","background-position":"center center","background-size":"auto","background-attachment":"scroll","background-type":"","background-media":"","overlay-type":"","overlay-color":"","overlay-opacity":"","overlay-gradient":""}},"footnotes":""},"class_list":["post-47","page","type-page","status-publish","hentry"],"_links":{"self":[{"href":"https:\/\/guidedupied.fr\/index.php\/wp-json\/wp\/v2\/pages\/47","targetHints":{"allow":["GET"]}}],"collection":[{"href":"https:\/\/guidedupied.fr\/index.php\/wp-json\/wp\/v2\/pages"}],"about":[{"href":"https:\/\/guidedupied.fr\/index.php\/wp-json\/wp\/v2\/types\/page"}],"author":[{"embeddable":true,"href":"https:\/\/guidedupied.fr\/index.php\/wp-json\/wp\/v2\/users\/1"}],"replies":[{"embeddable":true,"href":"https:\/\/guidedupied.fr\/index.php\/wp-json\/wp\/v2\/comments?post=47"}],"version-history":[{"count":5,"href":"https:\/\/guidedupied.fr\/index.php\/wp-json\/wp\/v2\/pages\/47\/revisions"}],"predecessor-version":[{"id":130,"href":"https:\/\/guidedupied.fr\/index.php\/wp-json\/wp\/v2\/pages\/47\/revisions\/130"}],"wp:attachment":[{"href":"https:\/\/guidedupied.fr\/index.php\/wp-json\/wp\/v2\/media?parent=47"}],"curies":[{"name":"wp","href":"https:\/\/api.w.org\/{rel}","templated":true}]}}